{"id":7,"date":"2025-12-18T19:58:53","date_gmt":"2025-12-18T19:58:53","guid":{"rendered":"https:\/\/armec.se\/?page_id=7"},"modified":"2026-04-03T14:52:00","modified_gmt":"2026-04-03T14:52:00","slug":"om-stiftelsen","status":"publish","type":"page","link":"https:\/\/armec.se\/?page_id=7","title":{"rendered":"Om stiftelsen"},"content":{"rendered":"\n<p>Stiftelsen \u00e4ndam\u00e5l ska vara att genom bidrag fr\u00e4mja vetenskaplig undervisning och forskning vid svenska universitet, utbildningssjukhus och andra institutioner avseende cancersjukdomar hos barn samt avseende torr gul fl\u00e4ck (torr makuladegeneration) och andra \u00f6gonsjukdomar \u00e4vensom genom bidrag fr\u00e4mja behandling av n\u00e4mnda sjukdomar.<\/p>\n\n\n\n<p>Stiftelsen f\u00e5r dessutom, men endast i en omfattning som inte st\u00e5r i strid med stiftelsens i f\u00f6rsta stycket angivna huvudsakliga \u00e4ndam\u00e5l, \u00e4ven fr\u00e4mja andra v\u00e4lg\u00f6rande och humanit\u00e4ra \u00e4ndam\u00e5l till gagn f\u00f6r barn och ungdom inom kultur, idrott, omsorg, sjukv\u00e5rd, social verksamhet och utbildning.<\/p>\n\n\n\n<p>Stiftelsen f\u00e5r inom ramen f\u00f6r ovan angivna \u00e4ndam\u00e5l \u00e4ven l\u00e4mna bidrag till andra stiftelser och till organisationer.<\/p>\n","protected":false},"excerpt":{"rendered":"<p>Stiftelsen \u00e4ndam\u00e5l ska vara att genom bidrag fr\u00e4mja vetenskaplig undervisning och forskning vid svenska universitet, utbildningssjukhus och andra institutioner avseende cancersjukdomar hos barn samt avseende torr gul fl\u00e4ck (torr makuladegeneration) och andra \u00f6gonsjukdomar \u00e4vensom genom bidrag fr\u00e4mja behandling av n\u00e4mnda sjukdomar. Stiftelsen f\u00e5r dessutom, men endast i en omfattning som inte st\u00e5r i strid med [&hellip;]<\/p>\n","protected":false},"author":1,"featured_media":0,"parent":0,"menu_order":-1,"comment_status":"closed","ping_status":"closed","template":"","meta":{"footnotes":""},"class_list":["post-7","page","type-page","status-publish","hentry"],"_links":{"self":[{"href":"https:\/\/armec.se\/index.php?rest_route=\/wp\/v2\/pages\/7","targetHints":{"allow":["GET"]}}],"collection":[{"href":"https:\/\/armec.se\/index.php?rest_route=\/wp\/v2\/pages"}],"about":[{"href":"https:\/\/armec.se\/index.php?rest_route=\/wp\/v2\/types\/page"}],"author":[{"embeddable":true,"href":"https:\/\/armec.se\/index.php?rest_route=\/wp\/v2\/users\/1"}],"replies":[{"embeddable":true,"href":"https:\/\/armec.se\/index.php?rest_route=%2Fwp%2Fv2%2Fcomments&post=7"}],"version-history":[{"count":1,"href":"https:\/\/armec.se\/index.php?rest_route=\/wp\/v2\/pages\/7\/revisions"}],"predecessor-version":[{"id":8,"href":"https:\/\/armec.se\/index.php?rest_route=\/wp\/v2\/pages\/7\/revisions\/8"}],"wp:attachment":[{"href":"https:\/\/armec.se\/index.php?rest_route=%2Fwp%2Fv2%2Fmedia&parent=7"}],"curies":[{"name":"wp","href":"https:\/\/api.w.org\/{rel}","templated":true}]}}