{"id":69,"date":"2026-04-03T13:26:33","date_gmt":"2026-04-03T13:26:33","guid":{"rendered":"https:\/\/armec.se\/?page_id=69"},"modified":"2026-04-03T14:54:49","modified_gmt":"2026-04-03T14:54:49","slug":"ansokan-och-blanketter-ny","status":"publish","type":"page","link":"https:\/\/armec.se\/?page_id=69","title":{"rendered":"Ans\u00f6kan och blanketter"},"content":{"rendered":"\n<div class=\"wp-block-group alignwide has-global-padding is-layout-constrained wp-block-group-is-layout-constrained\">\n<div class=\"wp-block-group has-global-padding is-layout-constrained wp-container-core-group-is-layout-650790e1 wp-block-group-is-layout-constrained\">\n<p class=\"has-text-align-center has-system-sans-serif-font-family\"><a href=\"https:\/\/armec.se\/wp-content\/uploads\/2026\/04\/Aktivitetsansokan-om-bidrag-fran-ARMEC-Lindebergs-Stiftelse75562.1.docx\">Aktivitetsans\u00f6kan<\/a><br><a href=\"https:\/\/armec.se\/wp-content\/uploads\/2026\/04\/Projektansokan-om-bidrag-fran-ARMEC-Lindebergs-Stiftelse75563.3.docx\">Projektans\u00f6kan<\/a><br><a href=\"https:\/\/armec.se\/wp-content\/uploads\/2026\/04\/Redovisning-erhallet-bidrag-Armec-Lindebergs-stiftelse178826.3.docx\">Redovisning &#8211; erh\u00e5llet bidrag<\/a><br><a href=\"https:\/\/armec.se\/wp-content\/uploads\/2026\/04\/Redovisning-ettarsprojekt-Armec-Lindebergs-stiftelse183595.1.xlsx\">Redovisning &#8211; ett\u00e5rsprojekt<\/a><br><a href=\"https:\/\/armec.se\/wp-content\/uploads\/2026\/04\/Redovisning-flerarsprojekt-Armec-Lindebergs-stiftelse-Bilaga-4183110.1.xlsx\">Redovisning &#8211; fler\u00e5rsprojekt<\/a><br><br><\/p>\n<\/div>\n\n\n\n<div class=\"wp-block-group has-global-padding is-layout-constrained wp-container-core-group-is-layout-0867c8d4 wp-block-group-is-layout-constrained\">\n<p class=\"has-system-sans-serif-font-family\" style=\"margin-top:var(--wp--preset--spacing--20);margin-bottom:var(--wp--preset--spacing--20)\"><em>V\u00e4nligen l\u00e4s nedan riktlinjer f\u00f6r ans\u00f6kan till ARMEC Lindebergs Stiftelse innan ni skickar in er ans\u00f6kan om bidrag.<\/em> <\/p>\n<\/div>\n<\/div>\n\n\n\n<p><\/p>\n\n\n\n<p><\/p>\n\n\n\n<div class=\"wp-block-group alignwide has-global-padding is-layout-constrained wp-block-group-is-layout-constrained\">\n<div class=\"wp-block-group has-global-padding is-layout-constrained wp-container-core-group-is-layout-0867c8d4 wp-block-group-is-layout-constrained\">\n<p><strong>Riktlinjer f\u00f6r ans\u00f6kan om bidrag fr\u00e5n ARMEC Lindebergs Stiftelse<\/strong><\/p>\n\n\n\n<p>Dessa riktlinjer g\u00e4ller f\u00f6r samtliga ans\u00f6kningar om bidrag fr\u00e5n ARMEC Lindebergs Stiftelse, d.v.s. b\u00e5de f\u00f6r forskningsanslag och f\u00f6r humanit\u00e4ra \u00e4ndam\u00e5l.<\/p>\n<\/div>\n<\/div>\n\n\n\n<p><\/p>\n\n\n\n<p><\/p>\n\n\n\n<div class=\"wp-block-group alignwide has-global-padding is-layout-constrained wp-block-group-is-layout-constrained\">\n<div class=\"wp-block-group has-global-padding is-layout-constrained wp-container-core-group-is-layout-0867c8d4 wp-block-group-is-layout-constrained\">\n<p style=\"margin-top:var(--wp--preset--spacing--10);margin-bottom:var(--wp--preset--spacing--10)\"><strong>1. Stiftelsens \u00e4ndam\u00e5l<\/strong><\/p>\n\n\n\n<p>ARMEC Lindebergs Stiftelse har till \u00e4ndam\u00e5l att fr\u00e4mja vetenskaplig undervisning och forskning vid svenska universitet, utbildningssjukhus och andra institutioner avseende cancersjukdomar hos barn samt avseende torr gul fl\u00e4ck (torr makuladegeneration) och andra \u00f6gonsjukdomar \u00e4ven som genom bidrag fr\u00e4mja behandling av n\u00e4mnda sjukdomar. &nbsp;<\/p>\n\n\n\n<p>Stiftelsens f\u00e5r dessutom, men endast i en omfattning som inte st\u00e5r i strid med stiftelsens i f\u00f6rsta stycket angivna huvudsakliga \u00e4ndam\u00e5l, \u00e4ven fr\u00e4mja andra v\u00e4lg\u00f6rande och humanit\u00e4ra \u00e4ndam\u00e5l till gagn f\u00f6r barn och ungdom inom kultur, idrott, omsorg, sjukv\u00e5rd, social verksamhet och utbildning.<\/p>\n\n\n\n<p>Stiftelsen f\u00e5r inom ramen f\u00f6r ovan angivna \u00e4ndam\u00e5l \u00e4ven l\u00e4mna bidrag till andra stiftelser och till organisationer.<\/p>\n<\/div>\n\n\n\n<p><\/p>\n\n\n\n<div class=\"wp-block-group has-global-padding is-layout-constrained wp-container-core-group-is-layout-ff12b9c9 wp-block-group-is-layout-constrained\">\n<p style=\"margin-top:var(--wp--preset--spacing--10);margin-bottom:var(--wp--preset--spacing--10)\"><strong>2. Allm\u00e4nna riktlinjer<\/strong><\/p>\n\n\n\n<p>Generellt:<\/p>\n\n\n\n<ul class=\"wp-block-list\">\n<li>S\u00f6kande ska ha sitt s\u00e4te i Sverige.<\/li>\n\n\n\n<li>S\u00f6kande f\u00e5r inte vara ett aktiebolag eller annan associationsform med vinstdrivande syfte.<\/li>\n\n\n\n<li>Projektet eller \u00e4ndam\u00e5let f\u00e5r inte vara avslutat vid tidpunkten f\u00f6r ans\u00f6kan.<\/li>\n\n\n\n<li>Stiftelsen f\u00f6rbeh\u00e5ller sig r\u00e4tten att neka ofullst\u00e4ndiga eller otydliga ans\u00f6kningar.<\/li>\n\n\n\n<li>Projektet ska ha en frist\u00e5ende m\u00e5ls\u00e4ttning och inte endast utg\u00f6ra till\u00e4ggsfinansiering till l\u00f6pande verksamhet.<\/li>\n\n\n\n<li>Medel f\u00e5r inte s\u00f6kas f\u00f6r l\u00f6n till s\u00f6kanden.<\/li>\n\n\n\n<li>Stiftelsen ska, annat \u00e4n i undantagsfall, inte vara huvudfinansi\u00e4r f\u00f6r st\u00f6rre projekt med en total budget \u00f6verstigande 500&nbsp;000 kr.<\/li>\n<\/ul>\n<\/div>\n\n\n\n<p><\/p>\n\n\n\n<div class=\"wp-block-group has-global-padding is-layout-constrained wp-container-core-group-is-layout-ff12b9c9 wp-block-group-is-layout-constrained\">\n<p style=\"margin-top:var(--wp--preset--spacing--10);margin-bottom:var(--wp--preset--spacing--10)\">S\u00e4rskilda riktlinjer f\u00f6r forsknings\u00e4ndam\u00e5l:<\/p>\n\n\n\n<ul class=\"wp-block-list\">\n<li>Avslaget projekt kan ej s\u00f6kas p\u00e5 samma vetenskapliga fr\u00e5gest\u00e4llning inom tre \u00e5r.<\/li>\n\n\n\n<li>Ett forskningsprojekt kan maximalt pr\u00f6vas f\u00f6r anslag vid tv\u00e5 separata ans\u00f6kningstillf\u00e4llen.<\/li>\n\n\n\n<li>Vid vetenskapliga fr\u00e5gest\u00e4llningar ska projektet bidra till kunskap inom relevanta \u00e4mnesomr\u00e5den och ha potential till l\u00e5ngsiktig samh\u00e4llsnytta eller vetenskaplig utveckling.<\/li>\n\n\n\n<li>Resultatet av forskning finansierad av stiftelsen ska vara fri att l\u00e4sa och ladda ner fr\u00e5n internet.<\/li>\n\n\n\n<li>Vid publicering av resultat ska det klart framg\u00e5 att medel erh\u00e5llits fr\u00e5n stiftelsen.<\/li>\n\n\n\n<li>Bidrag l\u00e4mnas maximalt f\u00f6r en utnyttjandeperiod om tre \u00e5r och f\u00f6r projekt som str\u00e4cker sig \u00f6ver l\u00e4ngre period \u00e4n 3 \u00e5r erfordras ny ans\u00f6kan.<\/li>\n<\/ul>\n\n\n\n<p><\/p>\n\n\n\n<p style=\"margin-top:var(--wp--preset--spacing--10);margin-bottom:var(--wp--preset--spacing--10)\"><strong>3. Vad kan bidrag beviljas f\u00f6r?<\/strong><\/p>\n\n\n\n<p>Stiftelsen beviljar medel till konkreta och avgr\u00e4nsade projekt. Exempel p\u00e5 godk\u00e4nda kostnadstyper inom ramen f\u00f6r projektet \u00e4r:<\/p>\n\n\n\n<ul class=\"wp-block-list\">\n<li>material och utrustning kopplat till projektet;<\/li>\n\n\n\n<li>resor och transporter;<\/li>\n\n\n\n<li>l\u00f6ner, arvoden och konsultkostnader;<\/li>\n\n\n\n<li>hyra av lokal eller teknik; och<\/li>\n\n\n\n<li>administrativa indirekta kostnader i rimlig omfattning och inte i n\u00e5got fall \u00f6verstigande 30 % av de totala kostnaderna f\u00f6r projektet.<\/li>\n<\/ul>\n\n\n\n<p>Ej godk\u00e4nda kostnader inkluderar l\u00f6n till s\u00f6kanden, och privat konsumtion samt investeringar utan tydlig koppling till projektet (inklusive marknadsf\u00f6ring och kommersiell verksamhet). Anslag till utrustning beviljas i normalfallet endast som en del av ett projekt d\u00e4r kostnad f\u00f6r utrustningen \u00e4r direkt relaterad till projektets vetenskapliga eller humanit\u00e4ra verksamhet. Utrustning finansieras genom avskrivning som ska ber\u00e4knas linj\u00e4rt \u00f6ver hela den ekonomiska\/vetenskapliga livsl\u00e4ngden, och allts\u00e5 inte endast \u00f6ver s\u00f6kt projekttid. Utrustning blir mottagande institutions egendom.<\/p>\n\n\n\n<p><\/p>\n\n\n\n<p style=\"margin-top:var(--wp--preset--spacing--10);margin-bottom:var(--wp--preset--spacing--10)\"><strong>4. Ans\u00f6kningsf\u00f6rfarande<\/strong><\/p>\n\n\n\n<p>Ans\u00f6kan skickas till <a href=\"mailto:kontakt@armec.se\">kontakt@armec.se<\/a>. Ans\u00f6kan sker genom ingivande av en av stiftelsen tillhandah\u00e5llen ans\u00f6kningsblankett f\u00f6r antingen vetenskapliga \u00e4ndam\u00e5l eller icke vetenskapliga \u00e4ndam\u00e5l, med tillh\u00f6rande bilagor i form av:<\/p>\n\n\n\n<ul class=\"wp-block-list\">\n<li>projektbeskrivning (Bilaga 1);<\/li>\n\n\n\n<li>projektbudget med skilda budgetblanketter beroende p\u00e5 om projektet l\u00f6per \u00f6ver ett \u00e5r eller omfattar flera \u00e5r (Bilaga 2);<\/li>\n\n\n\n<li>annan finansiering (Bilaga 3); och<\/li>\n\n\n\n<li>uppgifter om meds\u00f6kande (Bilaga 4).<\/li>\n<\/ul>\n\n\n\n<p style=\"margin-top:var(--wp--preset--spacing--10);margin-bottom:var(--wp--preset--spacing--10)\">Det ska noteras att projektbeskrivningen i Bilaga 1 ska inneh\u00e5lla:<\/p>\n\n\n\n<ul class=\"wp-block-list\">\n<li>\u00e4ndam\u00e5l och tidplan (inklusive milstolpar);<\/li>\n\n\n\n<li>om ans\u00f6kan g\u00e4ller vetenskapliga \u00e4ndam\u00e5l ska den beskriva den vetenskapliga milj\u00f6n d\u00e4r projektet ska bedrivas samt vilken metod som planeras utnyttjas;<\/li>\n\n\n\n<li>projektets nyhetsv\u00e4rde och f\u00f6rv\u00e4ntade resultat;<\/li>\n\n\n\n<li>vilka som medverkar;<\/li>\n\n\n\n<li>planerade samarbeten;<\/li>\n\n\n\n<li>ber\u00e4knad totalkostnad f\u00f6r projektet;<\/li>\n\n\n\n<li>anslagsf\u00f6rvaltare;<\/li>\n\n\n\n<li>kortfattat CV f\u00f6r ansvarig s\u00f6kande;<\/li>\n\n\n\n<li>kortfattad beskrivning av tidigare publicerade arbeten; och<\/li>\n\n\n\n<li>hur medel som s\u00f6ks hos ARMEC Lindebergs Stiftelse relaterar till finansiering s\u00f6kt eller erh\u00e5llen fr\u00e5n andra finansi\u00e4rer<a href=\"#_ftn1\" id=\"_ftnref1\">[1]<\/a> samt \u00f6vriga ekonomiska f\u00f6ruts\u00e4ttningar.<\/li>\n<\/ul>\n\n\n\n<p>Det finns ingen begr\u00e4nsning avseende den bilagda projektbeskrivningens l\u00e4ngd, men s\u00f6kande ombeds att utforma den med en sammanfattande inledning och i \u00f6vrigt p\u00e5 ett strukturerat och konkret s\u00e4tt.&nbsp;<\/p>\n\n\n\n<p><\/p>\n\n\n\n<p style=\"margin-top:var(--wp--preset--spacing--10);margin-bottom:var(--wp--preset--spacing--10)\"><strong>5. Beviljande av medel<\/strong><\/p>\n\n\n\n<ul class=\"wp-block-list\">\n<li>Alla inkomna ans\u00f6kningar granskas av stiftelsens styrelse eller en utsedd kommitt\u00e9 som sedan ocks\u00e5 g\u00f6r urvalet av ans\u00f6kningarna.<\/li>\n\n\n\n<li>Ans\u00f6kningar om bidrag fr\u00e5n stiftelsen kan tas emot l\u00f6pande under hela \u00e5ret men behandlas endast vid styrelsens tre \u00e5rliga ordinarie styrelsem\u00f6ten.<\/li>\n\n\n\n<li>Vid beviljande erh\u00e5lls ett beviljandebrev med rekvisition och blankett f\u00f6r redovisning av beviljat bidrag som ska tillhandah\u00e5llas stiftelsen efter att projektet genomf\u00f6rts.<\/li>\n\n\n\n<li>Beviljat belopp kan vara l\u00e4gre \u00e4n det s\u00f6kta.<\/li>\n\n\n\n<li>Stiftelsens beslut kan inte \u00f6verklagas.<\/li>\n\n\n\n<li>Beviljas inte bidrag erh\u00e5lls enbart besked om detta utan motivering.<\/li>\n\n\n\n<li>Medlen f\u00e5r endast anv\u00e4ndas till det \u00e4ndam\u00e5l som angivits i ans\u00f6kan och kan inte \u00f6verl\u00e5tas utan skriftligt godk\u00e4nnande.<\/li>\n<\/ul>\n\n\n\n<p><\/p>\n\n\n\n<p style=\"margin-top:var(--wp--preset--spacing--10);margin-bottom:var(--wp--preset--spacing--10)\"><strong>6. Redovisning och uppf\u00f6ljning<\/strong><\/p>\n\n\n\n<p>S\u00f6kande f\u00f6rbinder sig att l\u00e4mna en slutredovisning senast tre (3) m\u00e5nader efter perioden f\u00f6r bidragens anv\u00e4ndning och blankett f\u00f6r slutredovisningen bifogas beviljandebrevet. Redovisningen ska inneh\u00e5lla:<\/p>\n\n\n\n<ul class=\"wp-block-list\">\n<li>ekonomisk sammanst\u00e4llning \u00f6ver hur medlen har anv\u00e4nts;<\/li>\n\n\n\n<li>kopior p\u00e5 kvitton eller annan verifierande dokumentation f\u00f6r det fall bidrag s\u00f6kts f\u00f6r ink\u00f6p av utrustning; och<\/li>\n\n\n\n<li>kort skriftlig rapport om projektets resultat och effekter.<\/li>\n<\/ul>\n\n\n\n<p>Om redovisning uteblir kan framtida ans\u00f6kningar avsl\u00e5s och redan erh\u00e5llna medel kan komma att \u00e5terkr\u00e4vas. Stiftelsen har alltid fri pr\u00f6vningsr\u00e4tt och f\u00f6ljer noggrant upp att anslagna medel anv\u00e4nds effektivt och till avsedda \u00e4ndam\u00e5l. S\u00f6kande \u00e4r skyldig att bist\u00e5 stiftelsen och tillhandah\u00e5lla den information som kr\u00e4vs f\u00f6r att stiftelsen ska genomf\u00f6ra erforderlig uppf\u00f6ljning.<\/p>\n\n\n\n<p><\/p>\n\n\n\n<p style=\"margin-top:var(--wp--preset--spacing--10);margin-bottom:var(--wp--preset--spacing--10)\"><strong>7. Icke f\u00f6rbrukade medel och \u00e5terkrav<\/strong><\/p>\n\n\n\n<ul class=\"wp-block-list\">\n<li>Medel som inte har anv\u00e4nts i enlighet med ans\u00f6kan, eller som \u00e5terst\u00e5r efter projektets avslut, ska \u00e5terbetalas till stiftelsen.<\/li>\n\n\n\n<li>Vid felaktig anv\u00e4ndning, bristf\u00e4llig redovisning eller vilseledande uppgifter ska \u00e5terbetalning ske, om stiftelsen s\u00e5 beg\u00e4r.<\/li>\n\n\n\n<li>Stiftelsen f\u00f6rbeh\u00e5ller sig r\u00e4tten att helt eller delvis beg\u00e4ra \u00e5terbetalning av utbetalt bidrag.<\/li>\n<\/ul>\n\n\n\n<p><\/p>\n\n\n\n<p style=\"margin-top:var(--wp--preset--spacing--10);margin-bottom:var(--wp--preset--spacing--10)\"><strong>8. Behandling av personuppgifter<\/strong><\/p>\n\n\n\n<ul class=\"wp-block-list\">\n<li>Genom att skicka ans\u00f6kan om bidrag samtycker s\u00f6kanden till att stiftelsen behandlar s\u00f6kandens personuppgifter.<\/li>\n\n\n\n<li>Inga uppgifter l\u00e4mnas ut till tredje part utan samtycke.<\/li>\n\n\n\n<li>F\u00f6r mer information om stiftelsens behandling av personuppgifter, v\u00e4nligen se stiftelsens integritetspolicy som kan tillhandah\u00e5llas om s\u00e5 \u00f6nskas.<\/li>\n<\/ul>\n\n\n\n<p><\/p>\n\n\n\n<p style=\"margin-top:var(--wp--preset--spacing--10);margin-bottom:var(--wp--preset--spacing--10)\"><strong>9. Kontakt<\/strong> F\u00f6r fr\u00e5gor om ans\u00f6kningsprocessen eller villkoren, v\u00e4nligen kontakta stiftelsen: kontakt@armec.se<br><\/p>\n\n\n\n<p><\/p>\n\n\n\n<div style=\"height:1.25rem\" aria-hidden=\"true\" class=\"wp-block-spacer\"><\/div>\n<\/div>\n<\/div>\n\n\n\n<p><\/p>\n","protected":false},"excerpt":{"rendered":"<p>Aktivitetsans\u00f6kanProjektans\u00f6kanRedovisning &#8211; erh\u00e5llet bidragRedovisning &#8211; ett\u00e5rsprojektRedovisning &#8211; fler\u00e5rsprojekt V\u00e4nligen l\u00e4s nedan riktlinjer f\u00f6r ans\u00f6kan till ARMEC Lindebergs Stiftelse innan ni skickar in er ans\u00f6kan om bidrag. Riktlinjer f\u00f6r ans\u00f6kan om bidrag fr\u00e5n ARMEC Lindebergs Stiftelse Dessa riktlinjer g\u00e4ller f\u00f6r samtliga ans\u00f6kningar om bidrag fr\u00e5n ARMEC Lindebergs Stiftelse, d.v.s. b\u00e5de f\u00f6r forskningsanslag och f\u00f6r humanit\u00e4ra \u00e4ndam\u00e5l. [&hellip;]<\/p>\n","protected":false},"author":1,"featured_media":0,"parent":0,"menu_order":0,"comment_status":"closed","ping_status":"closed","template":"","meta":{"footnotes":""},"class_list":["post-69","page","type-page","status-publish","hentry"],"_links":{"self":[{"href":"https:\/\/armec.se\/index.php?rest_route=\/wp\/v2\/pages\/69","targetHints":{"allow":["GET"]}}],"collection":[{"href":"https:\/\/armec.se\/index.php?rest_route=\/wp\/v2\/pages"}],"about":[{"href":"https:\/\/armec.se\/index.php?rest_route=\/wp\/v2\/types\/page"}],"author":[{"embeddable":true,"href":"https:\/\/armec.se\/index.php?rest_route=\/wp\/v2\/users\/1"}],"replies":[{"embeddable":true,"href":"https:\/\/armec.se\/index.php?rest_route=%2Fwp%2Fv2%2Fcomments&post=69"}],"version-history":[{"count":22,"href":"https:\/\/armec.se\/index.php?rest_route=\/wp\/v2\/pages\/69\/revisions"}],"predecessor-version":[{"id":97,"href":"https:\/\/armec.se\/index.php?rest_route=\/wp\/v2\/pages\/69\/revisions\/97"}],"wp:attachment":[{"href":"https:\/\/armec.se\/index.php?rest_route=%2Fwp%2Fv2%2Fmedia&parent=69"}],"curies":[{"name":"wp","href":"https:\/\/api.w.org\/{rel}","templated":true}]}}